{"id":6,"date":"2005-12-11T18:55:32","date_gmt":"2005-12-11T17:55:32","guid":{"rendered":"http:\/\/www.bewegteflaeche.de\/wordpress\/?page_id=6"},"modified":"2019-12-30T12:52:49","modified_gmt":"2019-12-30T11:52:49","slug":"impressum","status":"publish","type":"page","link":"http:\/\/www.bewegteflaeche.de\/?page_id=6","title":{"rendered":"Impressum"},"content":{"rendered":"<h3><a href=\"http:\/\/www.bewegteflaeche.de\">bewegteflaeche<\/a><\/h3>\n<p><strong>Allgemeines<\/strong><\/p>\n<p>Die bewegteflaeche.de ist ein Ort der freien Rede. Da s\u00e4mtliche Beitr\u00e4ge, zwangsl\u00e4ufig, lediglich die subjektive Sichtweise des jeweiligen Autors wiederspiegeln, verzichten wir auf eine besondere Kennzeichnung von nicht-objektiven \u00c4u\u00dferungen. Die Textbeitr\u00e4ge k\u00f6nnen, m\u00fcssen aber nicht, satirische, ironische, oder auch einfach nur \u00fcbertriebene Elemente enthalten. Diese Elemente sind ebenfalls nicht gesondert gekennzeichnet. Durch diese Vorgehensweise ist es leider nicht v\u00f6llig auszuschlie\u00dfen, dass sich einzelne Bev\u00f6lkerungsgruppen, Anh\u00e4nger bestimmter Sexualpraktiken, Weltanschauungs- oder Glaubensrichtungen, Zugeh\u00f6rige bestimmter Nationalit\u00e4ten oder sonstige Minder- und\/oder Mehrheiten, beleidigt f\u00fchlen k\u00f6nnten. Sollten Sie zu einer der besagten Gruppen geh\u00f6ren und sich vielleicht sogar in diesem Moment beleidigt f\u00fchlen, so empfehlen wir Ihnen: tief Durchatmen und das ganze nicht so schwer, sondern mit Humor nehmen. Falls das nicht hilft, nehmen Sie doch einfach kurz mit uns auf. Wir sind n\u00e4mlich eigentlich ganz nette Leute. Das Einschalten eines Anwaltes ist nicht notwendig. Die inhaltliche Verantwortung f\u00fcr die einzelnen Beitr\u00e4ge liegt ausschlie\u00dflich beim jeweiligen Autor, was im Umkehrschluss bedeutet, dass bewegteflaeche.de auch keinerlei Urheberrecht am publizierten Bild und Text h\u00e4lt, beansprucht oder gar beabsichtigt weiterzugeben. Vielmehr verbleibt das Urheberrecht bei eben jenem Urheber. Bei Interesse einer Verwendung der hier publizierten Texte und\/oder Bilder, steht es Ihnen frei, die Autoren direkt \u00fcber die weiter unten verlinkten Namen unter dengenannten Autoren kontaktieren.RechtlichesGem\u00e4\u00df \u00a7 28 BDSG widerspreche ich jeder kommerziellen Verwendung und Weitergabe unserer Daten ohne vorherige Genehmigung des Autors.Verantwortungsbereich: Das Impressum gilt nur f\u00fcr die Internetpr\u00e4senz unter der Adresse www.bewegteflaeche.de Abgrenzung: Die Web-Pr\u00e4senz ist Teil des WWW und dementsprechend mit fremden, sich jederzeit wandeln k\u00f6nnenden Web-Sites verkn\u00fcpft, die folglich auch nicht diesem Verantwortungsbereich unterliegen und f\u00fcr die nachfolgende Informationen nicht gelten. Dass die Links weder gegen Sitten noch Gesetze versto\u00dfen, wurde genau ein mal gepr\u00fcft: bevor sie hier aufgenommen wurden.<\/p>\n<p><strong>Elektronische Postadresse \/ Admin:\u00a0<\/strong>kontakt{ }bewegteflaeche{ }de<\/p>\n<p><strong>Urheberschutz und Nutzung:<\/strong><\/p>\n<p>Der Urheber r\u00e4umt Ihnen ganz konkret das Nutzungsrecht ein, sich eine private Kopie f\u00fcr pers\u00f6nliche Zwecke anzufertigen. Nicht berechtigt sind Sie dagegen, die Materialien zu ver\u00e4ndern und \/oder weiter zu geben oder gar selbst zu ver\u00f6ffentlichen. Zitate aus den Ver\u00f6ffentlichungen der Online-Medien sind gestattet, sofern sie die g\u00e4ngigen Zitatl\u00e4ngen nicht \u00fcberschreiten, den Autor namentlich erw\u00e4hnen und einen Link zu bzw. eine Nennung der Website-URL enthalten.Keine Haftung: Die Inhalte dieses Webprojektes wurden sorgf\u00e4ltig gepr\u00fcft und nach bestem Wissen erstellt. Aber f\u00fcr die hier dargebotenen Informationen wird kein Anspruch auf Vollst\u00e4ndigkeit, Aktualit\u00e4t, Qualit\u00e4t und Richtigkeit erhoben. Es kann keine Verantwortung f\u00fcr Sch\u00e4den \u00fcbernommen werden, die durch das Vertrauen auf die Inhalte dieser Website oder deren Gebrauch entstehen.<\/p>\n<p><strong>Schutzrechtsverletzung:<\/strong>\u00a0<\/p>\n<p>Falls Sie vermuten, dass von dieser Website aus eines Ihrer Schutzrechte verletzt wird, teilen Sie das bitte umgehend per elektronischer Post mit, damit z\u00fcgig Abhilfe geschafft werden kann.<\/p>\n<h4>Zuletzt gelesen:<\/h4>\n<p>\u00a9 bewegteflaeche.de<\/p>\n<p>\t\t\t\t\t\t\t<a href=\"https:\/\/twitter.com\/h_rich\" target=\"_blank\" rel=\"noopener noreferrer\"><br \/>\n\t\t\t\t\tTwitter<br \/>\n\t\t\t\t\t\t\t\t\t<\/a><\/p>\n","protected":false},"excerpt":{"rendered":"<p>bewegteflaeche Allgemeines Die bewegteflaeche.de ist ein Ort der freien Rede. Da s\u00e4mtliche Beitr\u00e4ge, zwangsl\u00e4ufig, lediglich die subjektive Sichtweise des jeweiligen Autors wiederspiegeln, verzichten wir auf eine besondere Kennzeichnung von nicht-objektiven \u00c4u\u00dferungen. Die Textbeitr\u00e4ge k\u00f6nnen, m\u00fcssen aber nicht, satirische, ironische, oder auch einfach nur \u00fcbertriebene Elemente enthalten. Diese Elemente sind ebenfalls nicht gesondert gekennzeichnet. Durch diese [&hellip;]<\/p>\n","protected":false},"author":9,"featured_media":0,"parent":0,"menu_order":0,"comment_status":"closed","ping_status":"open","template":"elementor_canvas","meta":{"footnotes":""},"class_list":["post-6","page","type-page","status-publish","hentry"],"_links":{"self":[{"href":"http:\/\/www.bewegteflaeche.de\/index.php?rest_route=\/wp\/v2\/pages\/6","targetHints":{"allow":["GET"]}}],"collection":[{"href":"http:\/\/www.bewegteflaeche.de\/index.php?rest_route=\/wp\/v2\/pages"}],"about":[{"href":"http:\/\/www.bewegteflaeche.de\/index.php?rest_route=\/wp\/v2\/types\/page"}],"author":[{"embeddable":true,"href":"http:\/\/www.bewegteflaeche.de\/index.php?rest_route=\/wp\/v2\/users\/9"}],"replies":[{"embeddable":true,"href":"http:\/\/www.bewegteflaeche.de\/index.php?rest_route=%2Fwp%2Fv2%2Fcomments&post=6"}],"version-history":[{"count":14,"href":"http:\/\/www.bewegteflaeche.de\/index.php?rest_route=\/wp\/v2\/pages\/6\/revisions"}],"predecessor-version":[{"id":12608,"href":"http:\/\/www.bewegteflaeche.de\/index.php?rest_route=\/wp\/v2\/pages\/6\/revisions\/12608"}],"wp:attachment":[{"href":"http:\/\/www.bewegteflaeche.de\/index.php?rest_route=%2Fwp%2Fv2%2Fmedia&parent=6"}],"curies":[{"name":"wp","href":"https:\/\/api.w.org\/{rel}","templated":true}]}}