{"id":13062,"date":"2021-12-23T23:20:29","date_gmt":"2021-12-23T22:20:29","guid":{"rendered":"http:\/\/www.bewegteflaeche.de\/?page_id=13062"},"modified":"2021-12-23T23:22:56","modified_gmt":"2021-12-23T22:22:56","slug":"autoren-i","status":"publish","type":"page","link":"http:\/\/www.bewegteflaeche.de\/?page_id=13062","title":{"rendered":"Autoren"},"content":{"rendered":"\n<h3 class=\"wp-block-heading\"><a href=\"http:\/\/www.bewegteflaeche.de\">bewegteflaeche<\/a><\/h3>\n\n\n\n<p><strong>Was die Flaeche bewegt<\/strong><\/p>\n\n\n\n<p>Die Autoren der bewegtenflaeche glauben alle fest an die Kunst nach dem Tod, daher produzieren sie heute schon auf Teufel komm raus. Irgendwann will man ja doch mal seine Ruhe haben. Um unseren Vorsprung auch belegen zu k\u00f6nnen, gibt es diesen Blog. Hier werden Gedanken, Arbeiten (Texte, Fotos, Filme, Audiostreams) und nat\u00fcrlich Links in die grosse weite Blogosh\u00e4re (zur\u00fcck) geschickt. Ob diese allerdings \u00fcberhaupt nach dem Leben eine Bedeutung hat, da sind wir uns nicht so sicher.<\/p>\n\n\n\n<p><strong>Euroaffe<\/strong><\/p>\n\n\n\n<p>Bin Lehrer. f\u00fcr alles. Langsam, faul. Visuelle Kommunikation. Liebt Zettel. Sitze gerne rum und denke an nichts besonderes. Suche irgendwas, was ich verlegt hab. F\u00e4llt mir irgendwann ein, habs dann aber vergessen. Gucke gerne zu, was die Andern machen. Bewegtbilder, Schnipsel. Hab den Alte-M\u00e4nner-Blick. Gut zu Kindern. Cool.<\/p>\n\n\n\n<p>Wo ich bin, was ich mache. Held dieser Farce. N\u00fcchtern betrachtet sind auch unbekannte K\u00fcnstler unertr\u00e4glich. Malerei, kein Thema. Bin Tolerant. Gr\u00fcnder der Lagerpartei (einziges Mitglied). Motto: nie jmd was erkl\u00e4ren. Kunstorientierung: Unauff\u00e4llig sinnvoll (auff\u00e4llig sinnlos). Noch son Spruch, Kabelbruch! (Tendenz)<\/p>\n\n\n\n<p><strong>l.<\/strong><\/p>\n\n\n\n<p>Immer wieder fragen mich Leute was ich den ganzen Tag so tue. Hmm. Meistens schreibe ich an meiner Biographie. Ich habe schon als Kind nicht verstanden, warum sich die bedeutenden Damen und Herren erst mit 60+ daran machen ihr Leben Revue passieren zu lassen. Da kriegt man doch die Krise (sagt man doch so, oder?). Ausserdem sind Erinnerungen nach 50 Jahren eh alle verzerrt. Ehrlicherweise muss man sagen, dass sie es meistens schon nach zwei Stunden sind. Deshalb halte ich meine Erlebnisse und Gedanken im Simultanverfahren fest und \u201ebewegte Flaechianer\u201c k\u00f6nnen heute schon Ausz\u00fcge davon rezipieren. Die l\u00fcckenlose Biographie dann ab 2053 im bofrost Verlag.<\/p>\n\n\n\n<p>Anna Jumped<\/p>\n\n\n\n<p><a href=\"https:\/\/web.archive.org\/web\/20180226201823\/http:\/\/www.facebook.com\/anna.jumped\">http:\/\/www.facebook.com\/anna.jumped<\/a><\/p>\n","protected":false},"excerpt":{"rendered":"<p>bewegteflaeche Was die Flaeche bewegt Die Autoren der bewegtenflaeche glauben alle fest an die Kunst nach dem Tod, daher produzieren sie heute schon auf Teufel komm raus. Irgendwann will man ja doch mal seine Ruhe haben. Um unseren Vorsprung auch belegen zu k\u00f6nnen, gibt es diesen Blog. Hier werden Gedanken, Arbeiten (Texte, Fotos, Filme, Audiostreams) [&hellip;]<\/p>\n","protected":false},"author":9,"featured_media":0,"parent":0,"menu_order":0,"comment_status":"closed","ping_status":"closed","template":"","meta":{"footnotes":""},"class_list":["post-13062","page","type-page","status-publish","hentry"],"_links":{"self":[{"href":"http:\/\/www.bewegteflaeche.de\/index.php?rest_route=\/wp\/v2\/pages\/13062","targetHints":{"allow":["GET"]}}],"collection":[{"href":"http:\/\/www.bewegteflaeche.de\/index.php?rest_route=\/wp\/v2\/pages"}],"about":[{"href":"http:\/\/www.bewegteflaeche.de\/index.php?rest_route=\/wp\/v2\/types\/page"}],"author":[{"embeddable":true,"href":"http:\/\/www.bewegteflaeche.de\/index.php?rest_route=\/wp\/v2\/users\/9"}],"replies":[{"embeddable":true,"href":"http:\/\/www.bewegteflaeche.de\/index.php?rest_route=%2Fwp%2Fv2%2Fcomments&post=13062"}],"version-history":[{"count":3,"href":"http:\/\/www.bewegteflaeche.de\/index.php?rest_route=\/wp\/v2\/pages\/13062\/revisions"}],"predecessor-version":[{"id":13066,"href":"http:\/\/www.bewegteflaeche.de\/index.php?rest_route=\/wp\/v2\/pages\/13062\/revisions\/13066"}],"wp:attachment":[{"href":"http:\/\/www.bewegteflaeche.de\/index.php?rest_route=%2Fwp%2Fv2%2Fmedia&parent=13062"}],"curies":[{"name":"wp","href":"https:\/\/api.w.org\/{rel}","templated":true}]}}